{"id":3735,"date":"2020-02-13T12:08:05","date_gmt":"2020-02-13T11:08:05","guid":{"rendered":"https:\/\/vitabeaner.se\/om-oss\/"},"modified":"2024-04-17T15:31:09","modified_gmt":"2024-04-17T13:31:09","slug":"om-oss","status":"publish","type":"page","link":"https:\/\/tidigarekunder.vitabeaner.se\/de\/om-oss\/","title":{"rendered":"Om oss"},"content":{"rendered":"<p><img loading=\"lazy\" decoding=\"async\" class=\"size-medium wp-image-38 alignleft\" src=\"https:\/\/vitabeaner.se\/wp-content\/uploads\/2020\/02\/Vitabeaner_logotyp_green-header-300x42.png\" alt=\"\" width=\"300\" height=\"42\" data-wp-editing=\"1\" srcset=\"https:\/\/tidigarekunder.vitabeaner.se\/wp-content\/uploads\/2020\/02\/Vitabeaner_logotyp_green-header-300x42.png 300w, https:\/\/tidigarekunder.vitabeaner.se\/wp-content\/uploads\/2020\/02\/Vitabeaner_logotyp_green-header-600x84.png 600w, https:\/\/tidigarekunder.vitabeaner.se\/wp-content\/uploads\/2020\/02\/Vitabeaner_logotyp_green-header.png 700w\" sizes=\"auto, (max-width: 300px) 100vw, 300px\" \/>\u00e4r det senaste tillskottet i v\u00e5r produktportf\u00f6lj och det \u00e4r en vegetarisk multivitamin f\u00f6r barn, inneh\u00e5llande 12 vitaminer och mineraler. Till skillnad fr\u00e5n m\u00e5nga andra s\u00e5 kallade \u201dvitamin tuggisar\u201d s\u00e5 inneh\u00e5ller den inte gelatin vilket \u00e4r uppskattat av b\u00e5de barn och f\u00f6r\u00e4ldrar.<\/p>\n\n\n<p>VitaBeanerna kan du k\u00f6pa p\u00e5 de flesta Apotek b\u00e5de i butiker och online. Du kan \u00e4ven best\u00e4lla specialpaket p\u00e5 v\u00e5r websida <a href=\"http:\/\/www.vitabeaner.se\">www.vitabeaner.se<\/a><\/p>\n\n\n\n<p>Om du har fr\u00e5gor eller vill kontakta oss s\u00e5 kan du anv\u00e4nda formul\u00e4ret nedan!<\/p>\n\n\n\n<div class=\"caldera-grid\" id=\"caldera_form_1\" data-cf-ver=\"1.9.4\" data-cf-form-id=\"CF5c751775e3af6\"><div id=\"caldera_notices_1\" data-spinner=\"https:\/\/tidigarekunder.vitabeaner.se\/wp-admin\/images\/spinner.gif\"><\/div><form data-instance=\"1\" class=\"CF5c751775e3af6 caldera_forms_form cfajax-trigger\" method=\"POST\" enctype=\"multipart\/form-data\" id=\"CF5c751775e3af6_1\" data-form-id=\"CF5c751775e3af6\" aria-label=\"Kontakta oss\" data-target=\"#caldera_notices_1\" data-template=\"#cfajax_CF5c751775e3af6-tmpl\" data-cfajax=\"CF5c751775e3af6\" data-load-element=\"_parent\" data-load-class=\"cf_processing\" data-post-disable=\"0\" data-action=\"cf_process_ajax_submit\" data-request=\"https:\/\/tidigarekunder.vitabeaner.se\/de\/\/cf-api\/CF5c751775e3af6\" data-hiderows=\"true\">\r\n<input type=\"hidden\" id=\"_cf_verify_CF5c751775e3af6\" name=\"_cf_verify\" value=\"9d9b81bd19\"  data-nonce-time=\"1778844933\" \/><input type=\"hidden\" name=\"_wp_http_referer\" value=\"\/de\/wp-json\/wp\/v2\/pages\/3735\" \/><div id=\"cf2-CF5c751775e3af6_1\"><\/div><input type=\"hidden\" name=\"_cf_frm_id\" value=\"CF5c751775e3af6\">\r\n<input type=\"hidden\" name=\"_cf_frm_ct\" value=\"1\">\r\n<input type=\"hidden\" name=\"cfajax\" value=\"CF5c751775e3af6\">\r\n<input type=\"hidden\" name=\"_cf_cr_pst\" value=\"3735\">\r\n<div class=\"hide\" style=\"display:none; overflow:hidden;height:0;width:0;\">\r\n<label>Company<\/label><input type=\"text\" name=\"company\" value=\"\" autocomplete=\"off\">\r\n<\/div><div id=\"CF5c751775e3af6_1-row-1\"  class=\"row  first_row\"><div  class=\"col-sm-6  first_col\"><div data-field-wrapper=\"fld_8768091\" class=\"form-group\" id=\"fld_8768091_1-wrap\">\r\n\t<label id=\"fld_8768091Label\" for=\"fld_8768091_1\" class=\"control-label\">F\u00f6rnamn <span aria-hidden=\"true\" role=\"presentation\" class=\"field_required\" style=\"color:#ee0000;\">*<\/span><\/label>\r\n\t<div class=\"\">\r\n\t\t<input   required type=\"text\" data-field=\"fld_8768091\" class=\" form-control\" id=\"fld_8768091_1\" name=\"fld_8768091\" value=\"\" data-type=\"text\" aria-required=\"true\"   aria-labelledby=\"fld_8768091Label\" >\t\t\t<\/div>\r\n<\/div>\r\n<div data-field-wrapper=\"fld_6009157\" class=\"form-group\" id=\"fld_6009157_1-wrap\">\r\n\t<label id=\"fld_6009157Label\" for=\"fld_6009157_1\" class=\"control-label\">E-postadress <span aria-hidden=\"true\" role=\"presentation\" class=\"field_required\" style=\"color:#ee0000;\">*<\/span><\/label>\r\n\t<div class=\"\">\r\n\t\t<input   required type=\"email\" data-field=\"fld_6009157\" class=\" form-control\" id=\"fld_6009157_1\" name=\"fld_6009157\" value=\"\" data-type=\"email\" aria-required=\"true\"   aria-labelledby=\"fld_6009157Label\" >\t\t\t<\/div>\r\n<\/div>\r\n<\/div><div  class=\"col-sm-6  last_col\"><div data-field-wrapper=\"fld_9970286\" class=\"form-group\" id=\"fld_9970286_1-wrap\">\r\n\t<label id=\"fld_9970286Label\" for=\"fld_9970286_1\" class=\"control-label\">Efternamn <span aria-hidden=\"true\" role=\"presentation\" class=\"field_required\" style=\"color:#ee0000;\">*<\/span><\/label>\r\n\t<div class=\"\">\r\n\t\t<input   required type=\"text\" data-field=\"fld_9970286\" class=\" form-control\" id=\"fld_9970286_1\" name=\"fld_9970286\" value=\"\" data-type=\"text\" aria-required=\"true\"   aria-labelledby=\"fld_9970286Label\" >\t\t\t<\/div>\r\n<\/div>\r\n<div data-field-wrapper=\"fld_7263056\" class=\"form-group\" id=\"fld_7263056_1-wrap\">\r\n\t<label id=\"fld_7263056Label\" for=\"fld_7263056_1\" class=\"control-label\">Telefon <span aria-hidden=\"true\" role=\"presentation\" class=\"field_required\" style=\"color:#ee0000;\">*<\/span><\/label>\r\n\t<div class=\"\">\r\n\t\t<input   required type=\"text\" data-field=\"fld_7263056\" class=\" form-control\" id=\"fld_7263056_1\" name=\"fld_7263056\" value=\"\" data-type=\"text\" aria-required=\"true\"   aria-labelledby=\"fld_7263056Label\" >\t\t\t<\/div>\r\n<\/div>\r\n<\/div><\/div><div id=\"CF5c751775e3af6_1-row-2\"  class=\"row \"><div  class=\"col-sm-12  single\"><div data-field-wrapper=\"fld_7569025\" class=\"form-group\" id=\"fld_7569025_1-wrap\">\r\n\t<label id=\"fld_7569025Label\" for=\"fld_7569025_1\" class=\"control-label\">\u00c4mne <span aria-hidden=\"true\" role=\"presentation\" class=\"field_required\" style=\"color:#ee0000;\">*<\/span><\/label>\r\n\t<div class=\"\">\r\n\t\t<input   required type=\"text\" data-field=\"fld_7569025\" class=\" form-control\" id=\"fld_7569025_1\" name=\"fld_7569025\" value=\"\" data-type=\"text\" aria-required=\"true\"   aria-labelledby=\"fld_7569025Label\" >\t\t\t<\/div>\r\n<\/div>\r\n<div data-field-wrapper=\"fld_7683514\" class=\"form-group\" id=\"fld_7683514_1-wrap\">\r\n\t<label id=\"fld_7683514Label\" for=\"fld_7683514_1\" class=\"control-label\">Kommentarer \/ fr\u00e5gor <span aria-hidden=\"true\" role=\"presentation\" class=\"field_required\" style=\"color:#ee0000;\">*<\/span><\/label>\r\n\t<div class=\"\">\r\n\t\t<textarea name=\"fld_7683514\" value=\"\" data-field=\"fld_7683514\" class=\"form-control\" id=\"fld_7683514_1\" rows=\"7\"  required=\"required\"  aria-labelledby=\"fld_7683514Label\" ><\/textarea>\n\t\t\t<\/div>\r\n<\/div>\r\n<\/div><\/div><div id=\"CF5c751775e3af6_1-row-3\"  class=\"row  last_row\"><div  class=\"col-sm-12  single\"><div data-field-wrapper=\"fld_7908577\" class=\"form-group\" id=\"fld_7908577_1-wrap\">\r\n<div class=\"\">\r\n\t<input  class=\"btn btn-default\" type=\"submit\" name=\"fld_7908577\" id=\"fld_7908577_1\" value=\"Skicka meddelande\" data-field=\"fld_7908577\"  >\n<\/div>\r\n<\/div>\r\n\t<input class=\"button_trigger_1\" type=\"hidden\" name=\"fld_7908577\" id=\"fld_7908577_1_btn\" value=\"\" data-field=\"fld_7908577\"  \/>\n<\/div><\/div><\/form>\r\n<\/div>\r\n\n\n\n\n<p class=\"has-text-align-center\">Bioconcept AB | FL\u00d6JELGATAN 10 | 16765 BROMMA<br>\n<a href=\"mailto:office@bioconcept.se\">office@bioconcept.se<\/a>&nbsp;+46 (8) 1244 3838<br>\nOrg.nr: 556667-3702<\/p>\n","protected":false},"excerpt":{"rendered":"<p>\u00e4r det senaste tillskottet i v\u00e5r produktportf\u00f6lj och det \u00e4r en vegetarisk multivitamin f\u00f6r barn, inneh\u00e5llande 12 vitaminer och mineraler. Till skillnad fr\u00e5n m\u00e5nga andra s\u00e5 kallade \u201dvitamin tuggisar\u201d s\u00e5 inneh\u00e5ller den inte gelatin vilket \u00e4r uppskattat av b\u00e5de barn och f\u00f6r\u00e4ldrar. VitaBeanerna kan du k\u00f6pa p\u00e5 de flesta Apotek b\u00e5de i butiker och online. [&hellip;]<\/p>\n","protected":false},"author":1,"featured_media":11975,"parent":0,"menu_order":0,"comment_status":"closed","ping_status":"closed","template":"template-cover.php","meta":{"_acf_changed":false,"footnotes":""},"categories":[],"tags":[],"dbm_type":[],"dbm_relation":[],"class_list":["post-3735","page","type-page","status-publish","has-post-thumbnail","hentry"],"acf":[],"yoast_head":"<!-- This site is optimized with the Yoast SEO plugin v26.2 - https:\/\/yoast.com\/wordpress\/plugins\/seo\/ -->\n<title>Om oss - VitaBeaner<\/title>\n<meta name=\"robots\" content=\"index, follow, max-snippet:-1, max-image-preview:large, max-video-preview:-1\" \/>\n<link rel=\"canonical\" href=\"https:\/\/tidigarekunder.vitabeaner.se\/de\/om-oss\/\" \/>\n<meta property=\"og:locale\" content=\"de_DE\" \/>\n<meta property=\"og:type\" content=\"article\" \/>\n<meta property=\"og:title\" content=\"Om oss - VitaBeaner\" \/>\n<meta property=\"og:description\" content=\"\u00e4r det senaste tillskottet i v\u00e5r produktportf\u00f6lj och det \u00e4r en vegetarisk multivitamin f\u00f6r barn, inneh\u00e5llande 12 vitaminer och mineraler. Till skillnad fr\u00e5n m\u00e5nga andra s\u00e5 kallade \u201dvitamin tuggisar\u201d s\u00e5 inneh\u00e5ller den inte gelatin vilket \u00e4r uppskattat av b\u00e5de barn och f\u00f6r\u00e4ldrar. VitaBeanerna kan du k\u00f6pa p\u00e5 de flesta Apotek b\u00e5de i butiker och online. [&hellip;]\" \/>\n<meta property=\"og:url\" content=\"https:\/\/tidigarekunder.vitabeaner.se\/de\/om-oss\/\" \/>\n<meta property=\"og:site_name\" content=\"VitaBeaner\" \/>\n<meta property=\"article:modified_time\" content=\"2024-04-17T13:31:09+00:00\" \/>\n<meta property=\"og:image\" content=\"https:\/\/tidigarekunder.vitabeaner.se\/wp-content\/uploads\/2022\/03\/Nya_VitaBeaner-e1646862752810.png\" \/>\n\t<meta property=\"og:image:width\" content=\"1080\" \/>\n\t<meta property=\"og:image:height\" content=\"1080\" \/>\n\t<meta property=\"og:image:type\" content=\"image\/png\" \/>\n<meta name=\"twitter:card\" content=\"summary_large_image\" \/>\n<meta name=\"twitter:label1\" content=\"Gesch\u00e4tzte Lesezeit\" \/>\n\t<meta name=\"twitter:data1\" content=\"1\u00a0Minute\" \/>\n<script type=\"application\/ld+json\" class=\"yoast-schema-graph\">{\"@context\":\"https:\/\/schema.org\",\"@graph\":[{\"@type\":\"WebPage\",\"@id\":\"https:\/\/tidigarekunder.vitabeaner.se\/de\/om-oss\/\",\"url\":\"https:\/\/tidigarekunder.vitabeaner.se\/de\/om-oss\/\",\"name\":\"Om oss - VitaBeaner\",\"isPartOf\":{\"@id\":\"https:\/\/tidigarekunder.vitabeaner.se\/#website\"},\"primaryImageOfPage\":{\"@id\":\"https:\/\/tidigarekunder.vitabeaner.se\/de\/om-oss\/#primaryimage\"},\"image\":{\"@id\":\"https:\/\/tidigarekunder.vitabeaner.se\/de\/om-oss\/#primaryimage\"},\"thumbnailUrl\":\"https:\/\/tidigarekunder.vitabeaner.se\/wp-content\/uploads\/2022\/03\/Nya_VitaBeaner-e1646862752810.png\",\"datePublished\":\"2020-02-13T11:08:05+00:00\",\"dateModified\":\"2024-04-17T13:31:09+00:00\",\"breadcrumb\":{\"@id\":\"https:\/\/tidigarekunder.vitabeaner.se\/de\/om-oss\/#breadcrumb\"},\"inLanguage\":\"de\",\"potentialAction\":[{\"@type\":\"ReadAction\",\"target\":[\"https:\/\/tidigarekunder.vitabeaner.se\/de\/om-oss\/\"]}]},{\"@type\":\"ImageObject\",\"inLanguage\":\"de\",\"@id\":\"https:\/\/tidigarekunder.vitabeaner.se\/de\/om-oss\/#primaryimage\",\"url\":\"https:\/\/tidigarekunder.vitabeaner.se\/wp-content\/uploads\/2022\/03\/Nya_VitaBeaner-e1646862752810.png\",\"contentUrl\":\"https:\/\/tidigarekunder.vitabeaner.se\/wp-content\/uploads\/2022\/03\/Nya_VitaBeaner-e1646862752810.png\",\"width\":1080,\"height\":1080},{\"@type\":\"BreadcrumbList\",\"@id\":\"https:\/\/tidigarekunder.vitabeaner.se\/de\/om-oss\/#breadcrumb\",\"itemListElement\":[{\"@type\":\"ListItem\",\"position\":1,\"name\":\"Hem\",\"item\":\"https:\/\/tidigarekunder.vitabeaner.se\/de\/\"},{\"@type\":\"ListItem\",\"position\":2,\"name\":\"Om oss\"}]},{\"@type\":\"WebSite\",\"@id\":\"https:\/\/tidigarekunder.vitabeaner.se\/#website\",\"url\":\"https:\/\/tidigarekunder.vitabeaner.se\/\",\"name\":\"VitaBeaner\",\"description\":\"\",\"potentialAction\":[{\"@type\":\"SearchAction\",\"target\":{\"@type\":\"EntryPoint\",\"urlTemplate\":\"https:\/\/tidigarekunder.vitabeaner.se\/?s={search_term_string}\"},\"query-input\":{\"@type\":\"PropertyValueSpecification\",\"valueRequired\":true,\"valueName\":\"search_term_string\"}}],\"inLanguage\":\"de\"}]}<\/script>\n<!-- \/ Yoast SEO plugin. -->","yoast_head_json":{"title":"Om oss - VitaBeaner","robots":{"index":"index","follow":"follow","max-snippet":"max-snippet:-1","max-image-preview":"max-image-preview:large","max-video-preview":"max-video-preview:-1"},"canonical":"https:\/\/tidigarekunder.vitabeaner.se\/de\/om-oss\/","og_locale":"de_DE","og_type":"article","og_title":"Om oss - VitaBeaner","og_description":"\u00e4r det senaste tillskottet i v\u00e5r produktportf\u00f6lj och det \u00e4r en vegetarisk multivitamin f\u00f6r barn, inneh\u00e5llande 12 vitaminer och mineraler. Till skillnad fr\u00e5n m\u00e5nga andra s\u00e5 kallade \u201dvitamin tuggisar\u201d s\u00e5 inneh\u00e5ller den inte gelatin vilket \u00e4r uppskattat av b\u00e5de barn och f\u00f6r\u00e4ldrar. VitaBeanerna kan du k\u00f6pa p\u00e5 de flesta Apotek b\u00e5de i butiker och online. [&hellip;]","og_url":"https:\/\/tidigarekunder.vitabeaner.se\/de\/om-oss\/","og_site_name":"VitaBeaner","article_modified_time":"2024-04-17T13:31:09+00:00","og_image":[{"width":1080,"height":1080,"url":"https:\/\/tidigarekunder.vitabeaner.se\/wp-content\/uploads\/2022\/03\/Nya_VitaBeaner-e1646862752810.png","type":"image\/png"}],"twitter_card":"summary_large_image","twitter_misc":{"Gesch\u00e4tzte Lesezeit":"1\u00a0Minute"},"schema":{"@context":"https:\/\/schema.org","@graph":[{"@type":"WebPage","@id":"https:\/\/tidigarekunder.vitabeaner.se\/de\/om-oss\/","url":"https:\/\/tidigarekunder.vitabeaner.se\/de\/om-oss\/","name":"Om oss - VitaBeaner","isPartOf":{"@id":"https:\/\/tidigarekunder.vitabeaner.se\/#website"},"primaryImageOfPage":{"@id":"https:\/\/tidigarekunder.vitabeaner.se\/de\/om-oss\/#primaryimage"},"image":{"@id":"https:\/\/tidigarekunder.vitabeaner.se\/de\/om-oss\/#primaryimage"},"thumbnailUrl":"https:\/\/tidigarekunder.vitabeaner.se\/wp-content\/uploads\/2022\/03\/Nya_VitaBeaner-e1646862752810.png","datePublished":"2020-02-13T11:08:05+00:00","dateModified":"2024-04-17T13:31:09+00:00","breadcrumb":{"@id":"https:\/\/tidigarekunder.vitabeaner.se\/de\/om-oss\/#breadcrumb"},"inLanguage":"de","potentialAction":[{"@type":"ReadAction","target":["https:\/\/tidigarekunder.vitabeaner.se\/de\/om-oss\/"]}]},{"@type":"ImageObject","inLanguage":"de","@id":"https:\/\/tidigarekunder.vitabeaner.se\/de\/om-oss\/#primaryimage","url":"https:\/\/tidigarekunder.vitabeaner.se\/wp-content\/uploads\/2022\/03\/Nya_VitaBeaner-e1646862752810.png","contentUrl":"https:\/\/tidigarekunder.vitabeaner.se\/wp-content\/uploads\/2022\/03\/Nya_VitaBeaner-e1646862752810.png","width":1080,"height":1080},{"@type":"BreadcrumbList","@id":"https:\/\/tidigarekunder.vitabeaner.se\/de\/om-oss\/#breadcrumb","itemListElement":[{"@type":"ListItem","position":1,"name":"Hem","item":"https:\/\/tidigarekunder.vitabeaner.se\/de\/"},{"@type":"ListItem","position":2,"name":"Om oss"}]},{"@type":"WebSite","@id":"https:\/\/tidigarekunder.vitabeaner.se\/#website","url":"https:\/\/tidigarekunder.vitabeaner.se\/","name":"VitaBeaner","description":"","potentialAction":[{"@type":"SearchAction","target":{"@type":"EntryPoint","urlTemplate":"https:\/\/tidigarekunder.vitabeaner.se\/?s={search_term_string}"},"query-input":{"@type":"PropertyValueSpecification","valueRequired":true,"valueName":"search_term_string"}}],"inLanguage":"de"}]}},"jetpack_sharing_enabled":true,"_links":{"self":[{"href":"https:\/\/tidigarekunder.vitabeaner.se\/de\/wp-json\/wp\/v2\/pages\/3735","targetHints":{"allow":["GET"]}}],"collection":[{"href":"https:\/\/tidigarekunder.vitabeaner.se\/de\/wp-json\/wp\/v2\/pages"}],"about":[{"href":"https:\/\/tidigarekunder.vitabeaner.se\/de\/wp-json\/wp\/v2\/types\/page"}],"author":[{"embeddable":true,"href":"https:\/\/tidigarekunder.vitabeaner.se\/de\/wp-json\/wp\/v2\/users\/1"}],"replies":[{"embeddable":true,"href":"https:\/\/tidigarekunder.vitabeaner.se\/de\/wp-json\/wp\/v2\/comments?post=3735"}],"version-history":[{"count":5,"href":"https:\/\/tidigarekunder.vitabeaner.se\/de\/wp-json\/wp\/v2\/pages\/3735\/revisions"}],"predecessor-version":[{"id":12870,"href":"https:\/\/tidigarekunder.vitabeaner.se\/de\/wp-json\/wp\/v2\/pages\/3735\/revisions\/12870"}],"wp:featuredmedia":[{"embeddable":true,"href":"https:\/\/tidigarekunder.vitabeaner.se\/de\/wp-json\/wp\/v2\/media\/11975"}],"wp:attachment":[{"href":"https:\/\/tidigarekunder.vitabeaner.se\/de\/wp-json\/wp\/v2\/media?parent=3735"}],"wp:term":[{"taxonomy":"category","embeddable":true,"href":"https:\/\/tidigarekunder.vitabeaner.se\/de\/wp-json\/wp\/v2\/categories?post=3735"},{"taxonomy":"post_tag","embeddable":true,"href":"https:\/\/tidigarekunder.vitabeaner.se\/de\/wp-json\/wp\/v2\/tags?post=3735"},{"taxonomy":"dbm_type","embeddable":true,"href":"https:\/\/tidigarekunder.vitabeaner.se\/de\/wp-json\/wp\/v2\/dbm_type?post=3735"},{"taxonomy":"dbm_relation","embeddable":true,"href":"https:\/\/tidigarekunder.vitabeaner.se\/de\/wp-json\/wp\/v2\/dbm_relation?post=3735"}],"curies":[{"name":"wp","href":"https:\/\/api.w.org\/{rel}","templated":true}]}}